{"id":202,"date":"2023-08-14T08:10:21","date_gmt":"2023-08-14T08:10:21","guid":{"rendered":"https:\/\/www.construccioneshelix.com\/?page_id=202"},"modified":"2024-01-29T12:20:23","modified_gmt":"2024-01-29T12:20:23","slug":"202-2","status":"publish","type":"page","link":"https:\/\/www.construccioneshelix.com\/index.php\/202-2\/","title":{"rendered":"\u00bfQUIENES SOMOS?"},"content":{"rendered":"\n<p><font _mstmutation=\"1\"><\/font><\/p>\n\n\n\n<div class=\"wp-block-group is-nowrap is-layout-flex wp-container-core-group-is-layout-ad2f72ca wp-block-group-is-layout-flex\">\n<p><font _mstmutation=\"1\"><\/font><\/p>\n\n\n\n<div class=\"wp-block-group is-nowrap is-layout-flex wp-container-core-group-is-layout-ad2f72ca wp-block-group-is-layout-flex\">\n<p><span _msttexthash=\"62439\" _msthash=\"295\"><font _mstmutation=\"1\" _msttexthash=\"62439\" _msthash=\"301\" style=\"\"><b _msttexthash=\"62439\" _msthash=\"250\">Grupo<\/b><\/font><\/span><font _mstmutation=\"1\" _msttexthash=\"9191\" _msthash=\"261\"> <\/font><strong _msttexthash=\"86294\" _msthash=\"250\"> Helix SL<\/strong><strong _msttexthash=\"148318781\" _msthash=\"306\">, fue fundado en el a\u00f1o 2001, somos especialistas en construcciones y reformas integrales en Barcelona y alrededores. Llevamos a cabo tu reforma integral o parcial de una manera profesional y personalizada. El Compromiso, Responsabilidad y Honestidad as\u00ed como pasi\u00f3n por la construcci\u00f3n, la reforma y la satisfacci\u00f3n del cliente es lo que nos distingue, en  Helix SL. Nos comprometemos a que su proyecto concluya en el mejor tiempo y por consecuente en el mejor costo posible, ya que nos adaptamos tanto a tus necesidades como a tu presupuesto.<\/strong><font _mstmutation=\"1\"><\/font><\/p>\n<\/div>\n<\/div>\n\n\n\n<p><font _mstmutation=\"1\"><\/font><\/p>\n\n\n<div class=\"wp-block-image\">\n<figure class=\"aligncenter size-large is-resized\"><img loading=\"lazy\" decoding=\"async\" width=\"1024\" height=\"878\" src=\"http:\/\/www.construccioneshelix.com\/wp-content\/uploads\/2024\/01\/LOGO-HELIX-ULTIMO-2024-1024x878.png\" alt=\"\" class=\"wp-image-488\" style=\"aspect-ratio:1.1658291457286432;width:592px;height:auto\" srcset=\"https:\/\/www.construccioneshelix.com\/wp-content\/uploads\/2024\/01\/LOGO-HELIX-ULTIMO-2024-1024x878.png 1024w, https:\/\/www.construccioneshelix.com\/wp-content\/uploads\/2024\/01\/LOGO-HELIX-ULTIMO-2024-300x257.png 300w, https:\/\/www.construccioneshelix.com\/wp-content\/uploads\/2024\/01\/LOGO-HELIX-ULTIMO-2024-768x658.png 768w, https:\/\/www.construccioneshelix.com\/wp-content\/uploads\/2024\/01\/LOGO-HELIX-ULTIMO-2024-1536x1316.png 1536w, https:\/\/www.construccioneshelix.com\/wp-content\/uploads\/2024\/01\/LOGO-HELIX-ULTIMO-2024-2048x1755.png 2048w, https:\/\/www.construccioneshelix.com\/wp-content\/uploads\/2024\/01\/LOGO-HELIX-ULTIMO-2024-350x300.png 350w\" sizes=\"auto, (max-width: 1024px) 100vw, 1024px\" \/><\/figure>\n<\/div>\n\n\n<h5 class=\"wp-block-heading\" style=\"text-transform:uppercase\"><strong>Nuestra Misi\u00f3n<\/strong><\/h5>\n\n\n\n<p>Proveer un servicio con el mejor equipo de trabajo, para cumplir con los requerimientos de nuestros clientes.<\/p>\n\n\n\n<p>Mantener como prioridad el aseguramiento de la calidad y la innovaci\u00f3n; la confianza con nuestros clientes y un espacio laboral favorable, capaz de incentivar a nuestro personal en su desarrollo profesional. Esto nos permite crecer como empresa con cada nuevo proyecto que emprendamos.<\/p>\n\n\n\n<h5 class=\"wp-block-heading\" style=\"text-transform:uppercase\"><strong>Nuestra visi\u00f3n<\/strong><\/h5>\n\n\n\n<p class=\"has-normal-font-size\">Ser la mejor opci\u00f3n en construcci\u00f3n Y reformas tanto en el \u00e1mbito Comercial, Industrial e Institucional, Con los mejores tiempos y costos del mercado, comprometidos con la calidad e inmersos en un proceso de mejora continua.&nbsp;<\/p>\n\n\n\n<p class=\"has-normal-font-size\">Nuestro objetivo a medio-largo plazo es el de ser una entidad de referencia en todo el territorio catal\u00e1n, incluso abriendo algunas sedes en las capitales de provincia ayudando de esta manera a la recuperaci\u00f3n del tejido empresarial.<\/p>\n\n\n\n<p><font _mstmutation=\"1\"><\/font><\/p>\n\n\n\n<h5 class=\"wp-block-heading\" style=\"text-transform:uppercase\"><strong>Nuestros Valores<\/strong><\/h5>\n\n\n\n<p><font _mstmutation=\"1\" _msttexthash=\"4484831\" _msthash=\"439\">El Compromiso y la Responsabilidad para con el cliente y el proyecto son valores clave en<\/font><strong _msttexthash=\"86294\" _msthash=\"438\"> Helix SL<\/strong>. Es de suma importancia para nosotros una atenci\u00f3n adecuada que finalice en un buen resultado.<\/p>\n\n\n\n<p><font _mstmutation=\"1\" _msttexthash=\"153647\" _msthash=\"566\">Tolerancia <\/font><strong _msttexthash=\"86294\" _msthash=\"438\">Helix SL<\/strong> <font _mstmutation=\"1\" _msttexthash=\"3712020\" _msthash=\"567\">tendr\u00e1 Flexibilidad para encontrar la soluci\u00f3n a las necesidades del cliente.<\/font><\/p>\n\n\n\n<p>La honradez a nivel personal y profesional, desarrollada internamente y en la relaci\u00f3n con los clientes, que se traduce en un trabajo transparente.<\/p>\n\n\n\n<p>Buen ambiente Laboral, implementada por pol\u00edticas de respeto y tolerancia, el trabajo en equipo en <strong _msttexthash=\"86294\" _msthash=\"306\"> Helix SL<\/strong> es nuestro mayor Activo, ya que es el motor que mueve nuestra empresa.<\/p>\n\n\n\n<p><font _mstmutation=\"1\"><\/font><\/p>\n","protected":false},"excerpt":{"rendered":"<p>Grupo Helix SL, fue fundado en el a\u00f1o 2001, somos especialistas en construcciones y reformas integrales en Barcelona y alrededores. Llevamos a cabo tu reforma &hellip;<\/p>\n","protected":false},"author":1,"featured_media":0,"parent":0,"menu_order":0,"comment_status":"closed","ping_status":"closed","template":"","meta":{"footnotes":""},"class_list":["post-202","page","type-page","status-publish","hentry"],"_links":{"self":[{"href":"https:\/\/www.construccioneshelix.com\/index.php\/wp-json\/wp\/v2\/pages\/202","targetHints":{"allow":["GET"]}}],"collection":[{"href":"https:\/\/www.construccioneshelix.com\/index.php\/wp-json\/wp\/v2\/pages"}],"about":[{"href":"https:\/\/www.construccioneshelix.com\/index.php\/wp-json\/wp\/v2\/types\/page"}],"author":[{"embeddable":true,"href":"https:\/\/www.construccioneshelix.com\/index.php\/wp-json\/wp\/v2\/users\/1"}],"replies":[{"embeddable":true,"href":"https:\/\/www.construccioneshelix.com\/index.php\/wp-json\/wp\/v2\/comments?post=202"}],"version-history":[{"count":15,"href":"https:\/\/www.construccioneshelix.com\/index.php\/wp-json\/wp\/v2\/pages\/202\/revisions"}],"predecessor-version":[{"id":491,"href":"https:\/\/www.construccioneshelix.com\/index.php\/wp-json\/wp\/v2\/pages\/202\/revisions\/491"}],"wp:attachment":[{"href":"https:\/\/www.construccioneshelix.com\/index.php\/wp-json\/wp\/v2\/media?parent=202"}],"curies":[{"name":"wp","href":"https:\/\/api.w.org\/{rel}","templated":true}]}}